{"id":83,"date":"2025-10-04T18:03:41","date_gmt":"2025-10-04T18:03:41","guid":{"rendered":"https:\/\/www.varistore.be\/?post_type=product&#038;p=83"},"modified":"2025-10-19T15:23:45","modified_gmt":"2025-10-19T15:23:45","slug":"casio-montre-decontractee","status":"publish","type":"product","link":"https:\/\/www.varistore.be\/index.php\/produit\/casio-montre-decontractee\/","title":{"rendered":"Casio Montre d\u00e9contract\u00e9e"},"content":{"rendered":"<p>Voyage lunaire\u00a0: suivez les phases lunaires avec des montres analogiques saisissantes dot\u00e9es de plusieurs cadrans int\u00e9gr\u00e9s. Ces montres associent \u00e9l\u00e9gance et style lunaire classique. Faites votre choix et restez \u00e0 la pointe du progr\u00e8s, que vous soyez \u00e0 la minute pr\u00e8s ou non. Gr\u00e2ce \u00e0 son \u00e9tanch\u00e9it\u00e9 jusqu&rsquo;\u00e0 5\u00a0bar, vous n&rsquo;avez plus \u00e0 vous inqui\u00e9ter lorsque vous faites la vaisselle ou que la pluie vous surprend<\/p>\n","protected":false},"excerpt":{"rendered":"<p>Voyage lunaire\u00a0: suivez les phases lunaires avec des montres analogiques saisissantes dot\u00e9es de plusieurs cadrans int\u00e9gr\u00e9s. Ces montres associent \u00e9l\u00e9gance et style lunaire classique. Faites votre choix et restez \u00e0 la pointe du progr\u00e8s, que vous soyez \u00e0 la minute pr\u00e8s ou non. Gr\u00e2ce \u00e0 son \u00e9tanch\u00e9it\u00e9 jusqu&rsquo;\u00e0 5\u00a0bar, vous n&rsquo;avez plus \u00e0 vous inqui\u00e9ter [&hellip;]<\/p>\n","protected":false},"featured_media":9,"comment_status":"open","ping_status":"closed","template":"","meta":[],"product_brand":[],"product_cat":[17],"product_tag":[20],"class_list":{"0":"post-83","1":"product","2":"type-product","3":"status-publish","4":"has-post-thumbnail","6":"product_cat-montres-montres","7":"product_tag-montres","9":"first","10":"instock","11":"sold-individually","12":"shipping-taxable","13":"purchasable","14":"product-type-simple"},"_links":{"self":[{"href":"https:\/\/www.varistore.be\/index.php\/wp-json\/wp\/v2\/product\/83","targetHints":{"allow":["GET"]}}],"collection":[{"href":"https:\/\/www.varistore.be\/index.php\/wp-json\/wp\/v2\/product"}],"about":[{"href":"https:\/\/www.varistore.be\/index.php\/wp-json\/wp\/v2\/types\/product"}],"replies":[{"embeddable":true,"href":"https:\/\/www.varistore.be\/index.php\/wp-json\/wp\/v2\/comments?post=83"}],"wp:featuredmedia":[{"embeddable":true,"href":"https:\/\/www.varistore.be\/index.php\/wp-json\/wp\/v2\/media\/9"}],"wp:attachment":[{"href":"https:\/\/www.varistore.be\/index.php\/wp-json\/wp\/v2\/media?parent=83"}],"wp:term":[{"taxonomy":"product_brand","embeddable":true,"href":"https:\/\/www.varistore.be\/index.php\/wp-json\/wp\/v2\/product_brand?post=83"},{"taxonomy":"product_cat","embeddable":true,"href":"https:\/\/www.varistore.be\/index.php\/wp-json\/wp\/v2\/product_cat?post=83"},{"taxonomy":"product_tag","embeddable":true,"href":"https:\/\/www.varistore.be\/index.php\/wp-json\/wp\/v2\/product_tag?post=83"}],"curies":[{"name":"wp","href":"https:\/\/api.w.org\/{rel}","templated":true}]}}